{"id":995,"date":"2021-04-23T11:08:11","date_gmt":"2021-04-23T08:08:11","guid":{"rendered":"https:\/\/nsp25.md\/product\/bon-c-bon-si"},"modified":"2026-04-07T12:09:34","modified_gmt":"2026-04-07T09:09:34","slug":"%d0%91%d0%be%d0%bd-%d0%a1%d0%b8-Bon-C","status":"publish","type":"product","link":"https:\/\/nsp.md\/ro\/%d0%91%d0%be%d0%bd-%d0%a1%d0%b8-Bon-C","title":{"rendered":"Bon-C"},"content":{"rendered":"","protected":false},"excerpt":{"rendered":"[trp_language language=\"ru_RU\"]\n<ul>\n<li>Ajut\u0103 la \u00eent\u0103rirea sistemului musculo-scheletic<\/li>\n<li>Normalizeaz\u0103 nivelurile de calciu din organism<\/li>\n<li>\u00cent\u0103re\u0219te din\u021bii, oasele, unghiile, p\u0103rul, ligamentele<\/li>\n<li>Promoveaz\u0103 \u00een mod eficient vindecarea r\u0103nilor \u0219i a fracturilor<\/li>\n<li>Stimuleaz\u0103 imunitatea<\/li>\n<\/ul>\n<p>[\/trp_language]<\/p>\n<ul>\n<li>Intareste aparatul locomotor<\/li>\n<li>Contribuie la asimilarea calciului de catre organism<\/li>\n<li>Intareste oasele, articulatiile,unghiile, dintii si parul<\/li>\n<li>Intensificarea cicatriz\u0103rii ranilor \u0219i a fracturilor<\/li>\n<li>Stimularea imunit\u0103\u021bii organismului<\/li>\n<\/ul>\n<p>[\/trp_language]<\/p>","protected":false},"featured_media":1586,"template":"","meta":[],"product_brand":[],"product_cat":[109,110,145,157,111,153,139,156],"product_tag":[117,123,152],"class_list":{"0":"post-995","1":"product","2":"type-product","3":"status-publish","4":"has-post-thumbnail","6":"product_cat-NSP---","7":"product_cat-110","8":"product_cat-NSP--","9":"product_cat-157","10":"product_cat-111","11":"product_cat-153","12":"product_cat-139","13":"product_cat-156","14":"product_tag-bad","15":"product_tag-vitaminnye-kompleksy","16":"product_tag-oporno-dvigatelnaja-sistema","18":"first","19":"instock","20":"sale","21":"shipping-taxable","22":"purchasable","23":"product-type-simple"},"_links":{"self":[{"href":"https:\/\/nsp.md\/ro\/wp-json\/wp\/v2\/product\/995","targetHints":{"allow":["GET"]}}],"collection":[{"href":"https:\/\/nsp.md\/ro\/wp-json\/wp\/v2\/product"}],"about":[{"href":"https:\/\/nsp.md\/ro\/wp-json\/wp\/v2\/types\/product"}],"wp:featuredmedia":[{"embeddable":true,"href":"https:\/\/nsp.md\/ro\/wp-json\/wp\/v2\/media\/1586"}],"wp:attachment":[{"href":"https:\/\/nsp.md\/ro\/wp-json\/wp\/v2\/media?parent=995"}],"wp:term":[{"taxonomy":"product_brand","embeddable":true,"href":"https:\/\/nsp.md\/ro\/wp-json\/wp\/v2\/product_brand?post=995"},{"taxonomy":"product_cat","embeddable":true,"href":"https:\/\/nsp.md\/ro\/wp-json\/wp\/v2\/product_cat?post=995"},{"taxonomy":"product_tag","embeddable":true,"href":"https:\/\/nsp.md\/ro\/wp-json\/wp\/v2\/product_tag?post=995"}],"curies":[{"name":"wp","href":"https:\/\/api.w.org\/{rel}","templated":true}]}}