{"id":991,"date":"2021-04-23T11:08:07","date_gmt":"2021-04-23T08:08:07","guid":{"rendered":"https:\/\/nsp25.md\/product\/bee-pollen-pchelinaja-pylca"},"modified":"2026-04-07T18:27:21","modified_gmt":"2026-04-07T15:27:21","slug":"%d0%9f%d1%87%d0%b5%d0%bb%d0%b8%d0%bd%d0%b0%d1%8f-%d0%9f%d1%8b%d0%bb%d1%8c%d1%86%d0%b0-Bee-Pollen","status":"publish","type":"product","link":"https:\/\/nsp.md\/ro\/%d0%9f%d1%87%d0%b5%d0%bb%d0%b8%d0%bd%d0%b0%d1%8f-%d0%9f%d1%8b%d0%bb%d1%8c%d1%86%d0%b0-Bee-Pollen","title":{"rendered":"Bee Pollen"},"content":{"rendered":"","protected":false},"excerpt":{"rendered":"[trp_language language=\"ru_RU\"]\n<ul>\n<li>Stimuleaz\u0103 procesul metabolic (\u00eembun\u0103t\u0103\u021be\u0219te digestia \u0219i asimilarea alimentelor)<\/li>\n<li>Cre\u0219te rezisten\u021ba, stimuleaz\u0103 activitatea, \u00eent\u0103re\u0219te for\u021ba fizic\u0103.<\/li>\n<li>Activeaz\u0103 \u0219i normalizeaz\u0103 sistemul imunitar.<\/li>\n<\/ul>\n<p>[\/trp_language]<\/p>\n<ul>\n<li>Sporeste forta, rezistenta si stimuleaza activitatea fizica<\/li>\n<li>Normalizeaza starea sistemului uman<\/li>\n<li>Imbunatateste asimilarea hranei<\/li>\n<\/ul>\n<p>[\/trp_language]<\/p>","protected":false},"featured_media":50866,"template":"","meta":[],"product_brand":[],"product_cat":[127,146,114,147,109,110,137,145,111,121,129,130,116],"product_tag":[117,123,124,148,149,132],"class_list":{"0":"post-991","1":"product","2":"type-product","3":"status-publish","4":"has-post-thumbnail","6":"product_cat-127","7":"product_cat-kletochnoe-pitanie","8":"product_cat-114","9":"product_cat-147","10":"product_cat-NSP---","11":"product_cat-110","12":"product_cat-137","13":"product_cat-NSP--","14":"product_cat-111","15":"product_cat-121","16":"product_cat-obmen-veshhestv","17":"product_cat-130","18":"product_cat-116","19":"product_tag-bad","20":"product_tag-vitaminnye-kompleksy","21":"product_tag-dlja-korrekcii-vesa","22":"product_tag-dlja-podderzhanija-fizicheskoj-aktivnosti","23":"product_tag-dlja-sportsmenov","24":"product_tag-immunnaja-sistema","26":"first","27":"instock","28":"sale","29":"shipping-taxable","30":"purchasable","31":"product-type-simple"},"_links":{"self":[{"href":"https:\/\/nsp.md\/ro\/wp-json\/wp\/v2\/product\/991","targetHints":{"allow":["GET"]}}],"collection":[{"href":"https:\/\/nsp.md\/ro\/wp-json\/wp\/v2\/product"}],"about":[{"href":"https:\/\/nsp.md\/ro\/wp-json\/wp\/v2\/types\/product"}],"wp:featuredmedia":[{"embeddable":true,"href":"https:\/\/nsp.md\/ro\/wp-json\/wp\/v2\/media\/50866"}],"wp:attachment":[{"href":"https:\/\/nsp.md\/ro\/wp-json\/wp\/v2\/media?parent=991"}],"wp:term":[{"taxonomy":"product_brand","embeddable":true,"href":"https:\/\/nsp.md\/ro\/wp-json\/wp\/v2\/product_brand?post=991"},{"taxonomy":"product_cat","embeddable":true,"href":"https:\/\/nsp.md\/ro\/wp-json\/wp\/v2\/product_cat?post=991"},{"taxonomy":"product_tag","embeddable":true,"href":"https:\/\/nsp.md\/ro\/wp-json\/wp\/v2\/product_tag?post=991"}],"curies":[{"name":"wp","href":"https:\/\/api.w.org\/{rel}","templated":true}]}}