{"id":56701,"date":"2024-12-11T13:37:04","date_gmt":"2024-12-11T11:37:04","guid":{"rendered":"https:\/\/nsp25.md\/?post_type=product&#038;p=56701"},"modified":"2026-04-07T16:36:04","modified_gmt":"2026-04-07T13:36:04","slug":"%d0%92%d0%b8%d1%82%d0%b0%d0%bc%d0%b8%d0%bd%d0%bd%d1%8b%d0%b9-%d0%ba%d0%be%d0%ba%d1%82%d0%b5%d0%b9%d0%bb%d1%8c-%d0%a2N%d0%a2","status":"publish","type":"product","link":"https:\/\/nsp.md\/ro\/%d0%92%d0%b8%d1%82%d0%b0%d0%bc%d0%b8%d0%bd%d0%bd%d1%8b%d0%b9-%d0%ba%d0%be%d0%ba%d1%82%d0%b5%d0%b9%d0%bb%d1%8c-%d0%a2N%d0%a2","title":{"rendered":"Total Nutrition Today (TNT) - TNT (tot ce este necesar pentru fiecare zi)"},"content":{"rendered":"","protected":false},"excerpt":{"rendered":"[trp_language language=\"ru_RU\"]\n<ul>\n<li>Con\u021bine o combina\u021bie echilibrat\u0103 de vitamine \u0219i minerale esen\u021biale<\/li>\n<li>Sus\u021bine metabolismul energetic \u0219i reduce oboseala<\/li>\n<li>Promoveaz\u0103 func\u021bionarea cognitiv\u0103 \u0219i vizual\u0103 normal\u0103<\/li>\n<li>Con\u021bine antioxidan\u021bi pentru a proteja celulele de stresul oxidativ<\/li>\n<li>Promoveaz\u0103 detoxifierea organismului<\/li>\n<li>Cre\u0219te aportul zilnic de fibre pentru a \u00eembun\u0103t\u0103\u021bi digestia.<\/li>\n<\/ul>\n<p>[\/trp_language]<\/p>\n<ul>\n<li>Con\u021bine sau combina\u021bie echilibrat\u0103 de vitamine \u0219i minerale esen\u021biale<\/li>\n<li>Sus\u021bine metabolismul energetic \u0219i reduce oboseala<\/li>\n<li>Contribuie la func\u021bionarea normal\u0103 a func\u021biilor cognitive \u0219i a vederii<\/li>\n<li>Con\u021bine antioxidan\u021bi pentru protec\u021bia celulelor \u00eempotriva stresului oxidativ<\/li>\n<li>Sprijin\u0103 detoxifierea organismului<\/li>\n<li>Cre\u0219te aportul zilnic de fibre pentru \u00eembun\u0103t\u0103\u021birea digestiei<\/li>\n<\/ul>\n<p>[\/trp_language]<\/p>","protected":false},"featured_media":56702,"template":"","meta":[],"product_brand":[],"product_cat":[109,110,154,150,111,121,122,116],"product_tag":[],"class_list":{"0":"post-56701","1":"product","2":"type-product","3":"status-publish","4":"has-post-thumbnail","6":"product_cat-NSP---","7":"product_cat-110","8":"product_cat-154","9":"product_cat-150","10":"product_cat-111","11":"product_cat-121","12":"product_cat-122","13":"product_cat-116","15":"first","16":"instock","17":"sale","18":"shipping-taxable","19":"purchasable","20":"product-type-simple"},"_links":{"self":[{"href":"https:\/\/nsp.md\/ro\/wp-json\/wp\/v2\/product\/56701","targetHints":{"allow":["GET"]}}],"collection":[{"href":"https:\/\/nsp.md\/ro\/wp-json\/wp\/v2\/product"}],"about":[{"href":"https:\/\/nsp.md\/ro\/wp-json\/wp\/v2\/types\/product"}],"wp:featuredmedia":[{"embeddable":true,"href":"https:\/\/nsp.md\/ro\/wp-json\/wp\/v2\/media\/56702"}],"wp:attachment":[{"href":"https:\/\/nsp.md\/ro\/wp-json\/wp\/v2\/media?parent=56701"}],"wp:term":[{"taxonomy":"product_brand","embeddable":true,"href":"https:\/\/nsp.md\/ro\/wp-json\/wp\/v2\/product_brand?post=56701"},{"taxonomy":"product_cat","embeddable":true,"href":"https:\/\/nsp.md\/ro\/wp-json\/wp\/v2\/product_cat?post=56701"},{"taxonomy":"product_tag","embeddable":true,"href":"https:\/\/nsp.md\/ro\/wp-json\/wp\/v2\/product_tag?post=56701"}],"curies":[{"name":"wp","href":"https:\/\/api.w.org\/{rel}","templated":true}]}}