{"id":1031,"date":"2021-04-23T11:08:34","date_gmt":"2021-04-23T08:08:34","guid":{"rendered":"https:\/\/nsp25.md\/product\/ginkgo-long-biloba-ginkgo-long-biloba"},"modified":"2026-04-07T18:04:28","modified_gmt":"2026-04-07T15:04:28","slug":"%d0%93%d0%b8%d0%bd%d0%ba%d0%b3%d0%be-%d0%91%d0%b8%d0%bb%d0%be%d0%b1%d0%b0-Ginkgo-Long","status":"publish","type":"product","link":"https:\/\/nsp.md\/ro\/%d0%93%d0%b8%d0%bd%d0%ba%d0%b3%d0%be-%d0%91%d0%b8%d0%bb%d0%be%d0%b1%d0%b0-Ginkgo-Long","title":{"rendered":"Ginkgo Long (Biloba) - Ginkgo Long (Biloba)"},"content":{"rendered":"","protected":false},"excerpt":{"rendered":"[trp_language language=\"ru_RU\"]\n<ul>\n<li>\u00cembun\u0103t\u0103\u021be\u0219te func\u021bia creierului<\/li>\n<li>Ajut\u0103 la \u00eembun\u0103t\u0103\u021birea memoriei<\/li>\n<li>Ajut\u0103 la cre\u0219terea eficien\u021bei fizice \u0219i mentale<\/li>\n<li>Promoveaz\u0103 elasticitatea \u0219i rezisten\u021ba vaselor de s\u00e2nge \u0219i a capilarelor<\/li>\n<li>Promoveaz\u0103 normalizarea aliment\u0103rii cu s\u00e2nge<\/li>\n<\/ul>\n<p>[\/trp_language]<\/p>\n<ul>\n<li>\u00cembun\u0103t\u0103\u021be\u0219te func\u021bia creierului<\/li>\n<li>\u00cembun\u0103t\u0103\u021be\u0219te memoria.<\/li>\n<li>Promoveaz\u0103 performan\u021ba fizic\u0103 \u0219i mental\u0103<\/li>\n<li>Ajut\u0103 la cre\u0219terea elasticit\u0103\u021bii \u0219i rezisten\u021bei vaselor de s\u00e2nge \u0219i a capilarelor<\/li>\n<\/ul>\n<p>[\/trp_language]<\/p>","protected":false},"featured_media":49380,"template":"","meta":[],"product_brand":[],"product_cat":[127,138,114,109,110,111,130],"product_tag":[117,131,148,125,144],"class_list":{"0":"post-1031","1":"product","2":"type-product","3":"status-publish","4":"has-post-thumbnail","6":"product_cat-127","7":"product_cat-138","8":"product_cat-114","9":"product_cat-NSP---","10":"product_cat-110","11":"product_cat-111","12":"product_cat-130","13":"product_tag-bad","14":"product_tag-golovnoj-mozg-i-nervnaja-sistema","15":"product_tag-dlja-podderzhanija-fizicheskoj-aktivnosti","16":"product_tag-dlja-pozhilyh","17":"product_tag-serdechno-sosudistaja-sistema","19":"first","20":"instock","21":"sale","22":"shipping-taxable","23":"purchasable","24":"product-type-simple"},"_links":{"self":[{"href":"https:\/\/nsp.md\/ro\/wp-json\/wp\/v2\/product\/1031","targetHints":{"allow":["GET"]}}],"collection":[{"href":"https:\/\/nsp.md\/ro\/wp-json\/wp\/v2\/product"}],"about":[{"href":"https:\/\/nsp.md\/ro\/wp-json\/wp\/v2\/types\/product"}],"wp:featuredmedia":[{"embeddable":true,"href":"https:\/\/nsp.md\/ro\/wp-json\/wp\/v2\/media\/49380"}],"wp:attachment":[{"href":"https:\/\/nsp.md\/ro\/wp-json\/wp\/v2\/media?parent=1031"}],"wp:term":[{"taxonomy":"product_brand","embeddable":true,"href":"https:\/\/nsp.md\/ro\/wp-json\/wp\/v2\/product_brand?post=1031"},{"taxonomy":"product_cat","embeddable":true,"href":"https:\/\/nsp.md\/ro\/wp-json\/wp\/v2\/product_cat?post=1031"},{"taxonomy":"product_tag","embeddable":true,"href":"https:\/\/nsp.md\/ro\/wp-json\/wp\/v2\/product_tag?post=1031"}],"curies":[{"name":"wp","href":"https:\/\/api.w.org\/{rel}","templated":true}]}}